{"id":2772,"date":"2023-04-14T16:29:37","date_gmt":"2023-04-14T14:29:37","guid":{"rendered":"https:\/\/roultex.com\/?page_id=2772"},"modified":"2023-04-17T16:27:33","modified_gmt":"2023-04-17T14:27:33","slug":"es-politique-de-confidentialite","status":"publish","type":"page","link":"https:\/\/roultex.com\/es\/es-politique-de-confidentialite\/","title":{"rendered":"Polit\u00edca de Privacidad"},"content":{"rendered":"\n<h2>Uso de los datos personales recogidos<\/h2>\n\n\n\n<p><strong>Medios de comunicaci\u00f3n<\/strong><\/p>\n\n\n\n<p>Si es usted un usuario registrado y sube im\u00e1genes a la p\u00e1gina web, le aconsejamos que evite subir im\u00e1genes que contengan datos EXIF de coordenadas GPS. Los visitantes de su p\u00e1gina web pueden descargar y extraer datos de localizaci\u00f3n de estas im\u00e1genes.<\/p>\n\n\n\n<p><strong>Contenido integrado de otras p\u00e1ginas web<\/strong><\/p>\n\n\n\n<p>Los art\u00edculos de esta p\u00e1gina web sitio pueden incluir contenido integrado (por ejemplo, v\u00eddeos, im\u00e1genes, art\u00edculos&#8230;). El contenido integrado de otras p\u00e1ginas web se comporta de la misma manera que si el visitante estuviera en esa otra p\u00e1gina web.<\/p>\n\n\n\n<p>Estas p\u00e1ginas web pueden recopilar datos sobre usted, utilizar cookies, integrar herramientas de seguimiento de terceros, rastrear sus interacciones con estos contenidos integrados si tiene una cuenta iniciada en su p\u00e1gina web.<\/p>\n","protected":false},"excerpt":{"rendered":"<p>Uso de los datos personales recogidos Medios de comunicaci\u00f3n Si es usted un usuario registrado y sube im\u00e1genes a la p\u00e1gina web, le aconsejamos que evite subir im\u00e1genes que contengan datos EXIF de coordenadas GPS. Los visitantes de su p\u00e1gina [&hellip;]<\/p>\n","protected":false},"author":1,"featured_media":0,"parent":0,"menu_order":0,"comment_status":"closed","ping_status":"open","template":"","meta":[],"yoast_head":"<!-- This site is optimized with the Yoast SEO plugin v15.5 - https:\/\/yoast.com\/wordpress\/plugins\/seo\/ -->\n<title>Polit\u00edca de Privacidad | ROULTEX \u00ae<\/title>\n<meta name=\"robots\" content=\"index, follow, max-snippet:-1, max-image-preview:large, max-video-preview:-1\" \/>\n<link rel=\"canonical\" href=\"https:\/\/roultex.com\/es\/es-politique-de-confidentialite\/\" \/>\n<meta property=\"og:locale\" content=\"es_ES\" \/>\n<meta property=\"og:type\" content=\"article\" \/>\n<meta property=\"og:title\" content=\"Polit\u00edca de Privacidad | ROULTEX \u00ae\" \/>\n<meta property=\"og:description\" content=\"Uso de los datos personales recogidos Medios de comunicaci\u00f3n Si es usted un usuario registrado y sube im\u00e1genes a la p\u00e1gina web, le aconsejamos que evite subir im\u00e1genes que contengan datos EXIF de coordenadas GPS. Los visitantes de su p\u00e1gina [&hellip;]\" \/>\n<meta property=\"og:url\" content=\"https:\/\/roultex.com\/es\/es-politique-de-confidentialite\/\" \/>\n<meta property=\"og:site_name\" content=\"ROULTEX \u00ae\" \/>\n<meta property=\"article:modified_time\" content=\"2023-04-17T14:27:33+00:00\" \/>\n<meta property=\"og:image\" content=\"https:\/\/roultex.com\/wp-content\/uploads\/2020\/11\/ROULTEX-Logo-dark.png\" \/>\n\t<meta property=\"og:image:width\" content=\"460\" \/>\n\t<meta property=\"og:image:height\" content=\"98\" \/>\n<meta name=\"twitter:card\" content=\"summary_large_image\" \/>\n<script type=\"application\/ld+json\" class=\"yoast-schema-graph\">{\"@context\":\"https:\/\/schema.org\",\"@graph\":[{\"@type\":\"Organization\",\"@id\":\"https:\/\/roultex.com\/#organization\",\"name\":\"ROULTEX\\u00ae\",\"url\":\"https:\/\/roultex.com\/\",\"sameAs\":[\"https:\/\/www.linkedin.com\/company\/krx-engineering\"],\"logo\":{\"@type\":\"ImageObject\",\"@id\":\"https:\/\/roultex.com\/#logo\",\"inLanguage\":\"es\",\"url\":\"https:\/\/roultex.com\/wp-content\/uploads\/2020\/11\/ROULTEX-Logo-dark.png\",\"width\":460,\"height\":98,\"caption\":\"ROULTEX\\u00ae\"},\"image\":{\"@id\":\"https:\/\/roultex.com\/#logo\"}},{\"@type\":\"WebSite\",\"@id\":\"https:\/\/roultex.com\/#website\",\"url\":\"https:\/\/roultex.com\/\",\"name\":\"ROULTEX \\u00ae\",\"description\":\"Conception et fabrication de roulements sur mesure\",\"publisher\":{\"@id\":\"https:\/\/roultex.com\/#organization\"},\"potentialAction\":[{\"@type\":\"SearchAction\",\"target\":\"https:\/\/roultex.com\/?s={search_term_string}\",\"query-input\":\"required name=search_term_string\"}],\"inLanguage\":\"es\"},{\"@type\":\"WebPage\",\"@id\":\"https:\/\/roultex.com\/es\/es-politique-de-confidentialite\/#webpage\",\"url\":\"https:\/\/roultex.com\/es\/es-politique-de-confidentialite\/\",\"name\":\"Polit\\u00edca de Privacidad | ROULTEX \\u00ae\",\"isPartOf\":{\"@id\":\"https:\/\/roultex.com\/#website\"},\"datePublished\":\"2023-04-14T14:29:37+00:00\",\"dateModified\":\"2023-04-17T14:27:33+00:00\",\"inLanguage\":\"es\",\"potentialAction\":[{\"@type\":\"ReadAction\",\"target\":[\"https:\/\/roultex.com\/es\/es-politique-de-confidentialite\/\"]}]}]}<\/script>\n<!-- \/ Yoast SEO plugin. -->","_links":{"self":[{"href":"https:\/\/roultex.com\/es\/wp-json\/wp\/v2\/pages\/2772"}],"collection":[{"href":"https:\/\/roultex.com\/es\/wp-json\/wp\/v2\/pages"}],"about":[{"href":"https:\/\/roultex.com\/es\/wp-json\/wp\/v2\/types\/page"}],"author":[{"embeddable":true,"href":"https:\/\/roultex.com\/es\/wp-json\/wp\/v2\/users\/1"}],"replies":[{"embeddable":true,"href":"https:\/\/roultex.com\/es\/wp-json\/wp\/v2\/comments?post=2772"}],"version-history":[{"count":6,"href":"https:\/\/roultex.com\/es\/wp-json\/wp\/v2\/pages\/2772\/revisions"}],"predecessor-version":[{"id":2919,"href":"https:\/\/roultex.com\/es\/wp-json\/wp\/v2\/pages\/2772\/revisions\/2919"}],"wp:attachment":[{"href":"https:\/\/roultex.com\/es\/wp-json\/wp\/v2\/media?parent=2772"}],"curies":[{"name":"wp","href":"https:\/\/api.w.org\/{rel}","templated":true}]}}