{"id":2771,"date":"2023-04-14T16:29:28","date_gmt":"2023-04-14T14:29:28","guid":{"rendered":"https:\/\/roultex.com\/?page_id=2771"},"modified":"2023-04-17T16:25:28","modified_gmt":"2023-04-17T14:25:28","slug":"es-mentions-legales","status":"publish","type":"page","link":"https:\/\/roultex.com\/es\/es-mentions-legales\/","title":{"rendered":"Informaci\u00f3n Juridica"},"content":{"rendered":"\t\t<div data-elementor-type=\"wp-page\" data-elementor-id=\"2771\" class=\"elementor elementor-2771\" data-elementor-settings=\"[]\">\n\t\t\t\t\t\t<div class=\"elementor-inner\">\n\t\t\t\t\t\t\t<div class=\"elementor-section-wrap\">\n\t\t\t\t\t\t\t<section class=\"elementor-section elementor-top-section elementor-element elementor-element-a1fba37 elementor-section-boxed elementor-section-height-default elementor-section-height-default\" data-id=\"a1fba37\" data-element_type=\"section\" data-settings=\"{&quot;dotlife_ext_is_background_parallax&quot;:&quot;false&quot;}\">\n\t\t\t\t\t\t<div class=\"elementor-container elementor-column-gap-default\">\n\t\t\t\t\t\t\t<div class=\"elementor-row\">\n\t\t\t\t\t<div class=\"elementor-column elementor-col-100 elementor-top-column elementor-element elementor-element-35b9d8e\" data-id=\"35b9d8e\" data-element_type=\"column\" data-settings=\"{&quot;dotlife_ext_is_scrollme&quot;:&quot;false&quot;,&quot;dotlife_ext_is_smoove&quot;:&quot;false&quot;,&quot;dotlife_ext_is_parallax_mouse&quot;:&quot;false&quot;,&quot;dotlife_ext_is_infinite&quot;:&quot;false&quot;,&quot;dotlife_ext_is_fadeout_animation&quot;:&quot;false&quot;}\">\n\t\t\t<div class=\"elementor-column-wrap elementor-element-populated\">\n\t\t\t\t\t\t\t<div class=\"elementor-widget-wrap\">\n\t\t\t\t\t\t<div class=\"elementor-element elementor-element-18a0f91 elementor-widget elementor-widget-text-editor\" data-id=\"18a0f91\" data-element_type=\"widget\" data-settings=\"{&quot;dotlife_ext_is_scrollme&quot;:&quot;false&quot;,&quot;dotlife_ext_is_smoove&quot;:&quot;false&quot;,&quot;dotlife_ext_is_parallax_mouse&quot;:&quot;false&quot;,&quot;dotlife_ext_is_infinite&quot;:&quot;false&quot;,&quot;dotlife_ext_is_fadeout_animation&quot;:&quot;false&quot;}\" data-widget_type=\"text-editor.default\">\n\t\t\t\t<div class=\"elementor-widget-container\">\n\t\t\t\t\t<div class=\"elementor-text-editor elementor-clearfix\"><p><strong>1. Presentaci\u00f3n de la p\u00e1gina web.<\/strong><\/p><p>Propietario: SOC ROULTEX &#8211; 1 rue de garennes 78550 Houdan<br \/>Director de la publicaci\u00f3n: Adrien Kissel-Kastner &#8211; info@roultex.com<\/p><p>El responsable de la publicaci\u00f3n es una persona f\u00edsica o jur\u00eddica.<br \/>Alojamiento: OVH &#8211; 2 rue Kellermann 59100 Roubaix 1007<br \/>Responsable de protecci\u00f3n de datos: Adrien Kissel-Kastner &#8211; info@roultex.com<\/p><p><strong>\u00a02. <\/strong><strong>Condiciones generales de uso de la p\u00e1gina web y de los servicios ofrecidos.<\/strong><\/p><p>La P\u00e1gina web constituye una obra intelectual protegida por las disposiciones del C\u00f3digo de la Propiedad Intelectual y los Reglamentos Internacionales aplicables. El Cliente no podr\u00e1 en ning\u00fan caso reutilizar, ceder o explotar por cuenta propia la totalidad o parte de los elementos o trabajos de la p\u00e1gina web.<\/p><p>El uso de la p\u00e1gina web https:\/\/roultex.com implica la plena aceptaci\u00f3n de las condiciones generales de uso que se describen a continuaci\u00f3n. Las presentes condiciones de uso podr\u00e1n ser modificadas o completadas en cualquier momento, por lo que se invita a los usuarios de la p\u00e1gina web https:\/\/roultex.com a consultarlas peri\u00f3dicamente.<\/p><p>Esta p\u00e1gina web es normalmente accesible a los usuarios en todo momento. No obstante, https:\/\/roultex.com puede decidir interrumpir la p\u00e1gina web por motivos de mantenimiento t\u00e9cnico. En tal caso, https:\/\/roultex.com se esforzar\u00e1 por informar previamente a los usuarios de las fechas y horas de la intervenci\u00f3n. La p\u00e1gina web https:\/\/roultex.com la actualiza regularmente https:\/\/roultex.com. Del mismo modo, la informaci\u00f3n jur\u00eddica puede modificarse en cualquier momento: no obstante, son vinculantes para el usuario, al que se invita a consultarla con la mayor frecuencia posible para tomar nota de ella.<\/p><p><strong>\u00a03. <\/strong><strong>Descripci\u00f3n de los servicios prestados.<\/strong><\/p><p>El objetivo de la p\u00e1gina web https:\/\/roultex.com es proporcionar informaci\u00f3n sobre todas las actividades de la empresa. https:\/\/roultex.com se esfuerza por ofrecer en la p\u00e1gina web https:\/\/roultex.com informaci\u00f3n lo m\u00e1s exacta posible. Sin embargo, no se hace responsable de las omisiones, inexactitudes y deficiencias en la actualizaci\u00f3n, ya sean causadas por ella misma o por terceros asociados que faciliten la informaci\u00f3n.<\/p><p>Toda la informaci\u00f3n que figura en la p\u00e1gina web https:\/\/roultex.com se ofrece a t\u00edtulo indicativo y es susceptible de sufrir modificaciones. Adem\u00e1s, la informaci\u00f3n de la p\u00e1gina web https:\/\/roultex.com no es exhaustiva. Se ofrece junto con cambios introducidos desde que se puso en l\u00ednea.<\/p><\/div>\n\t\t\t\t<\/div>\n\t\t\t\t<\/div>\n\t\t\t\t\t\t<\/div>\n\t\t\t\t\t<\/div>\n\t\t<\/div>\n\t\t\t\t\t\t\t\t<\/div>\n\t\t\t\t\t<\/div>\n\t\t<\/section>\n\t\t\t\t\t\t<\/div>\n\t\t\t\t\t\t<\/div>\n\t\t\t\t\t<\/div>\n\t\t","protected":false},"excerpt":{"rendered":"<p>1. Presentaci\u00f3n de la p\u00e1gina web. Propietario: SOC ROULTEX &#8211; 1 rue de garennes 78550 Houdan Director de la publicaci\u00f3n: Adrien Kissel-Kastner &#8211; info@roultex.com El responsable de la publicaci\u00f3n es una persona f\u00edsica o jur\u00eddica. Alojamiento: OVH &#8211; 2 rue [&hellip;]<\/p>\n","protected":false},"author":1,"featured_media":0,"parent":0,"menu_order":0,"comment_status":"closed","ping_status":"closed","template":"","meta":[],"yoast_head":"<!-- This site is optimized with the Yoast SEO plugin v15.5 - https:\/\/yoast.com\/wordpress\/plugins\/seo\/ -->\n<title>Informaci\u00f3n Juridica | ROULTEX \u00ae<\/title>\n<meta name=\"robots\" content=\"index, follow, max-snippet:-1, max-image-preview:large, max-video-preview:-1\" \/>\n<link rel=\"canonical\" href=\"https:\/\/roultex.com\/es\/es-mentions-legales\/\" \/>\n<meta property=\"og:locale\" content=\"es_ES\" \/>\n<meta property=\"og:type\" content=\"article\" \/>\n<meta property=\"og:title\" content=\"Informaci\u00f3n Juridica | ROULTEX \u00ae\" \/>\n<meta property=\"og:description\" content=\"1. Presentaci\u00f3n de la p\u00e1gina web. Propietario: SOC ROULTEX &#8211; 1 rue de garennes 78550 Houdan Director de la publicaci\u00f3n: Adrien Kissel-Kastner &#8211; info@roultex.com El responsable de la publicaci\u00f3n es una persona f\u00edsica o jur\u00eddica. Alojamiento: OVH &#8211; 2 rue [&hellip;]\" \/>\n<meta property=\"og:url\" content=\"https:\/\/roultex.com\/es\/es-mentions-legales\/\" \/>\n<meta property=\"og:site_name\" content=\"ROULTEX \u00ae\" \/>\n<meta property=\"article:modified_time\" content=\"2023-04-17T14:25:28+00:00\" \/>\n<meta property=\"og:image\" content=\"https:\/\/roultex.com\/wp-content\/uploads\/2020\/11\/ROULTEX-Logo-dark.png\" \/>\n\t<meta property=\"og:image:width\" content=\"460\" \/>\n\t<meta property=\"og:image:height\" content=\"98\" \/>\n<meta name=\"twitter:card\" content=\"summary_large_image\" \/>\n<script type=\"application\/ld+json\" class=\"yoast-schema-graph\">{\"@context\":\"https:\/\/schema.org\",\"@graph\":[{\"@type\":\"Organization\",\"@id\":\"https:\/\/roultex.com\/#organization\",\"name\":\"ROULTEX\\u00ae\",\"url\":\"https:\/\/roultex.com\/\",\"sameAs\":[\"https:\/\/www.linkedin.com\/company\/krx-engineering\"],\"logo\":{\"@type\":\"ImageObject\",\"@id\":\"https:\/\/roultex.com\/#logo\",\"inLanguage\":\"es\",\"url\":\"https:\/\/roultex.com\/wp-content\/uploads\/2020\/11\/ROULTEX-Logo-dark.png\",\"width\":460,\"height\":98,\"caption\":\"ROULTEX\\u00ae\"},\"image\":{\"@id\":\"https:\/\/roultex.com\/#logo\"}},{\"@type\":\"WebSite\",\"@id\":\"https:\/\/roultex.com\/#website\",\"url\":\"https:\/\/roultex.com\/\",\"name\":\"ROULTEX \\u00ae\",\"description\":\"Conception et fabrication de roulements sur mesure\",\"publisher\":{\"@id\":\"https:\/\/roultex.com\/#organization\"},\"potentialAction\":[{\"@type\":\"SearchAction\",\"target\":\"https:\/\/roultex.com\/?s={search_term_string}\",\"query-input\":\"required name=search_term_string\"}],\"inLanguage\":\"es\"},{\"@type\":\"WebPage\",\"@id\":\"https:\/\/roultex.com\/es\/es-mentions-legales\/#webpage\",\"url\":\"https:\/\/roultex.com\/es\/es-mentions-legales\/\",\"name\":\"Informaci\\u00f3n Juridica | ROULTEX \\u00ae\",\"isPartOf\":{\"@id\":\"https:\/\/roultex.com\/#website\"},\"datePublished\":\"2023-04-14T14:29:28+00:00\",\"dateModified\":\"2023-04-17T14:25:28+00:00\",\"inLanguage\":\"es\",\"potentialAction\":[{\"@type\":\"ReadAction\",\"target\":[\"https:\/\/roultex.com\/es\/es-mentions-legales\/\"]}]}]}<\/script>\n<!-- \/ Yoast SEO plugin. -->","_links":{"self":[{"href":"https:\/\/roultex.com\/es\/wp-json\/wp\/v2\/pages\/2771"}],"collection":[{"href":"https:\/\/roultex.com\/es\/wp-json\/wp\/v2\/pages"}],"about":[{"href":"https:\/\/roultex.com\/es\/wp-json\/wp\/v2\/types\/page"}],"author":[{"embeddable":true,"href":"https:\/\/roultex.com\/es\/wp-json\/wp\/v2\/users\/1"}],"replies":[{"embeddable":true,"href":"https:\/\/roultex.com\/es\/wp-json\/wp\/v2\/comments?post=2771"}],"version-history":[{"count":6,"href":"https:\/\/roultex.com\/es\/wp-json\/wp\/v2\/pages\/2771\/revisions"}],"predecessor-version":[{"id":2915,"href":"https:\/\/roultex.com\/es\/wp-json\/wp\/v2\/pages\/2771\/revisions\/2915"}],"wp:attachment":[{"href":"https:\/\/roultex.com\/es\/wp-json\/wp\/v2\/media?parent=2771"}],"curies":[{"name":"wp","href":"https:\/\/api.w.org\/{rel}","templated":true}]}}